{"id":290,"date":"2018-07-12T10:58:10","date_gmt":"2018-07-12T10:58:10","guid":{"rendered":"http:\/\/www.asamuel.pt\/novo\/?page_id=290"},"modified":"2023-05-23T17:00:21","modified_gmt":"2023-05-23T17:00:21","slug":"escola-de-danca","status":"publish","type":"page","link":"https:\/\/www.asamuel.pt\/novo\/escola-de-danca\/","title":{"rendered":"Escola de Dan\u00e7a"},"content":{"rendered":"<p>[et_pb_section fb_built=&#8221;1&#8243; fullwidth=&#8221;on&#8221; _builder_version=&#8221;3.0.47&#8243;][et_pb_fullwidth_slider _builder_version=&#8221;3.6&#8243; auto=&#8221;on&#8221; auto_speed=&#8221;4000&#8243;][et_pb_slide use_bg_overlay=&#8221;off&#8221; use_text_overlay=&#8221;off&#8221; _builder_version=&#8221;3.6&#8243; background_color=&#8221;rgba(255,255,255,0)&#8221; background_image=&#8221;https:\/\/www.asamuel.pt\/novo\/wp-content\/uploads\/2018\/06\/slide_1.jpg&#8221; button_on_hover=&#8221;on&#8221;][\/et_pb_slide][\/et_pb_fullwidth_slider][\/et_pb_section][et_pb_section fb_built=&#8221;1&#8243; _builder_version=&#8221;3.0.47&#8243;][et_pb_row _builder_version=&#8221;3.0.48&#8243; background_size=&#8221;initial&#8221; background_position=&#8221;top_left&#8221; background_repeat=&#8221;repeat&#8221;][et_pb_column type=&#8221;2_3&#8243; _builder_version=&#8221;3.0.47&#8243; parallax=&#8221;off&#8221; parallax_method=&#8221;on&#8221;][et_pb_text _builder_version=&#8221;3.6&#8243;]<\/p>\n<h1>Escola de Dan\u00e7a<\/h1>\n<p>A escola de dan\u00e7a tem aulas de Hip- hop, s\u00e3o uma resposta no \u00e2mbito do Desporto e da Atividade F\u00edsica, desenvolvendo-se nos equipamentos da Associa\u00e7\u00e3o de Samuel, para crian\u00e7as a partir dos 3 anos. Carateriza-se por ser uma aula coreografada que ajuda a desenvolver a coordena\u00e7\u00e3o motora, a desinibi\u00e7\u00e3o corporal e a afirma\u00e7\u00e3o pessoal.<\/p>\n<p>[\/et_pb_text][\/et_pb_column][et_pb_column type=&#8221;1_3&#8243; _builder_version=&#8221;3.0.47&#8243; parallax=&#8221;off&#8221; parallax_method=&#8221;on&#8221;][et_pb_image src=&#8221;https:\/\/www.asamuel.pt\/novo\/wp-content\/uploads\/2018\/06\/2a6fc3_bcfc29f5ce10486da9734dc29ee23679.jpg&#8221; _builder_version=&#8221;3.6&#8243;][\/et_pb_image][\/et_pb_column][\/et_pb_row][\/et_pb_section]<\/p>\n","protected":false},"excerpt":{"rendered":"<p>Escola de Dan\u00e7a A escola de dan\u00e7a tem aulas de Hip- hop, s\u00e3o uma resposta no \u00e2mbito do Desporto e da Atividade F\u00edsica, desenvolvendo-se nos equipamentos da Associa\u00e7\u00e3o de Samuel, para crian\u00e7as a partir dos 3 anos. Carateriza-se por ser uma aula coreografada que ajuda a desenvolver a coordena\u00e7\u00e3o motora, a desinibi\u00e7\u00e3o corporal e a [&hellip;]<\/p>\n","protected":false},"author":2,"featured_media":0,"parent":0,"menu_order":0,"comment_status":"closed","ping_status":"closed","template":"","meta":{"_et_pb_use_builder":"on","_et_pb_old_content":"","_et_gb_content_width":"","footnotes":""},"class_list":["post-290","page","type-page","status-publish","hentry"],"_links":{"self":[{"href":"https:\/\/www.asamuel.pt\/novo\/wp-json\/wp\/v2\/pages\/290","targetHints":{"allow":["GET"]}}],"collection":[{"href":"https:\/\/www.asamuel.pt\/novo\/wp-json\/wp\/v2\/pages"}],"about":[{"href":"https:\/\/www.asamuel.pt\/novo\/wp-json\/wp\/v2\/types\/page"}],"author":[{"embeddable":true,"href":"https:\/\/www.asamuel.pt\/novo\/wp-json\/wp\/v2\/users\/2"}],"replies":[{"embeddable":true,"href":"https:\/\/www.asamuel.pt\/novo\/wp-json\/wp\/v2\/comments?post=290"}],"version-history":[{"count":3,"href":"https:\/\/www.asamuel.pt\/novo\/wp-json\/wp\/v2\/pages\/290\/revisions"}],"predecessor-version":[{"id":384,"href":"https:\/\/www.asamuel.pt\/novo\/wp-json\/wp\/v2\/pages\/290\/revisions\/384"}],"wp:attachment":[{"href":"https:\/\/www.asamuel.pt\/novo\/wp-json\/wp\/v2\/media?parent=290"}],"curies":[{"name":"wp","href":"https:\/\/api.w.org\/{rel}","templated":true}]}}