{"id":262,"date":"2018-07-12T10:27:20","date_gmt":"2018-07-12T10:27:20","guid":{"rendered":"http:\/\/www.asamuel.pt\/novo\/?page_id=262"},"modified":"2025-10-01T09:16:45","modified_gmt":"2025-10-01T09:16:45","slug":"creche","status":"publish","type":"page","link":"https:\/\/www.asamuel.pt\/novo\/creche\/","title":{"rendered":"Creche"},"content":{"rendered":"<p>[et_pb_section fb_built=&#8221;1&#8243; fullwidth=&#8221;on&#8221; _builder_version=&#8221;4.16&#8243; global_colors_info=&#8221;{}&#8221;][et_pb_fullwidth_slider _builder_version=&#8221;4.16&#8243; auto=&#8221;on&#8221; auto_speed=&#8221;4000&#8243; global_colors_info=&#8221;{}&#8221; button_text_size__hover_enabled=&#8221;off&#8221; button_one_text_size__hover_enabled=&#8221;off&#8221; button_two_text_size__hover_enabled=&#8221;off&#8221; button_text_color__hover_enabled=&#8221;off&#8221; button_one_text_color__hover_enabled=&#8221;off&#8221; button_two_text_color__hover_enabled=&#8221;off&#8221; button_border_width__hover_enabled=&#8221;off&#8221; button_one_border_width__hover_enabled=&#8221;off&#8221; button_two_border_width__hover_enabled=&#8221;off&#8221; button_border_color__hover_enabled=&#8221;off&#8221; button_one_border_color__hover_enabled=&#8221;off&#8221; button_two_border_color__hover_enabled=&#8221;off&#8221; button_border_radius__hover_enabled=&#8221;off&#8221; button_one_border_radius__hover_enabled=&#8221;off&#8221; button_two_border_radius__hover_enabled=&#8221;off&#8221; button_letter_spacing__hover_enabled=&#8221;off&#8221; button_one_letter_spacing__hover_enabled=&#8221;off&#8221; button_two_letter_spacing__hover_enabled=&#8221;off&#8221; button_bg_color__hover_enabled=&#8221;off&#8221; button_one_bg_color__hover_enabled=&#8221;off&#8221; button_two_bg_color__hover_enabled=&#8221;off&#8221;][et_pb_slide use_bg_overlay=&#8221;off&#8221; use_text_overlay=&#8221;off&#8221; _builder_version=&#8221;4.16&#8243; background_color=&#8221;rgba(255,255,255,0)&#8221; background_image=&#8221;https:\/\/www.asamuel.pt\/novo\/wp-content\/uploads\/2018\/06\/slide_1.jpg&#8221; button_on_hover=&#8221;on&#8221; global_colors_info=&#8221;{}&#8221; button_text_size__hover_enabled=&#8221;off&#8221; button_one_text_size__hover_enabled=&#8221;off&#8221; button_two_text_size__hover_enabled=&#8221;off&#8221; button_text_color__hover_enabled=&#8221;off&#8221; button_one_text_color__hover_enabled=&#8221;off&#8221; button_two_text_color__hover_enabled=&#8221;off&#8221; button_border_width__hover_enabled=&#8221;off&#8221; button_one_border_width__hover_enabled=&#8221;off&#8221; button_two_border_width__hover_enabled=&#8221;off&#8221; button_border_color__hover_enabled=&#8221;off&#8221; button_one_border_color__hover_enabled=&#8221;off&#8221; button_two_border_color__hover_enabled=&#8221;off&#8221; button_border_radius__hover_enabled=&#8221;off&#8221; button_one_border_radius__hover_enabled=&#8221;off&#8221; button_two_border_radius__hover_enabled=&#8221;off&#8221; button_letter_spacing__hover_enabled=&#8221;off&#8221; button_one_letter_spacing__hover_enabled=&#8221;off&#8221; button_two_letter_spacing__hover_enabled=&#8221;off&#8221; button_bg_color__hover_enabled=&#8221;off&#8221; button_one_bg_color__hover_enabled=&#8221;off&#8221; button_two_bg_color__hover_enabled=&#8221;off&#8221; sticky_transition=&#8221;on&#8221;][\/et_pb_slide][\/et_pb_fullwidth_slider][\/et_pb_section][et_pb_section fb_built=&#8221;1&#8243; _builder_version=&#8221;4.16&#8243; global_colors_info=&#8221;{}&#8221;][et_pb_row column_structure=&#8221;2_3,1_3&#8243; _builder_version=&#8221;4.16&#8243; background_size=&#8221;initial&#8221; background_position=&#8221;top_left&#8221; background_repeat=&#8221;repeat&#8221; global_colors_info=&#8221;{}&#8221;][et_pb_column type=&#8221;2_3&#8243; _builder_version=&#8221;4.16&#8243; custom_padding=&#8221;|||&#8221; global_colors_info=&#8221;{}&#8221; custom_padding__hover=&#8221;|||&#8221;][et_pb_text _builder_version=&#8221;4.16&#8243; global_colors_info=&#8221;{}&#8221;]<\/p>\n<h1>Creche<\/h1>\n<p><\/br><br \/>\nA Creche \u00e9 destinada a acolher crian\u00e7as de idades compreendidas entre os 3 e os 36 meses, durante o per\u00edodo di\u00e1rio correspondente ao trabalho dos pais, cabendo ao Educador e aos prestadores de cuidados, em estreita articula\u00e7\u00e3o com a fam\u00edlia, um papel fundamental: o de apoiar o desenvolvimento de compet\u00eancias b\u00e1sicas e o ritmo de perten\u00e7a e de rela\u00e7\u00e3o positiva com os outros. Esta Creche tem capacidade para acolher 35 crian\u00e7as, repartidas por tr\u00eas salas consoante a sua idade e desenvolvimento.<br \/>\n[\/et_pb_text][et_pb_text _builder_version=&#8221;4.27.3&#8243; global_colors_info=&#8221;{}&#8221;]<\/p>\n<h2>Projetos Pedag\u00f3gicos 2024\/2025<\/h2>\n<p>[\/et_pb_text][\/et_pb_column][et_pb_column type=&#8221;1_3&#8243; _builder_version=&#8221;4.16&#8243; custom_padding=&#8221;|||&#8221; global_colors_info=&#8221;{}&#8221; custom_padding__hover=&#8221;|||&#8221;][et_pb_image src=&#8221;https:\/\/www.asamuel.pt\/novo\/wp-content\/uploads\/2018\/06\/2a6fc3_dc5c29c236124d9ab666768589d32c0b.jpg&#8221; align_tablet=&#8221;center&#8221; align_phone=&#8221;&#8221; align_last_edited=&#8221;on|desktop&#8221; _builder_version=&#8221;4.16&#8243; global_colors_info=&#8221;{}&#8221;][\/et_pb_image][\/et_pb_column][\/et_pb_row][et_pb_row column_structure=&#8221;1_3,1_3,1_3&#8243; _builder_version=&#8221;4.16&#8243; locked=&#8221;off&#8221; global_colors_info=&#8221;{}&#8221;][et_pb_column type=&#8221;1_3&#8243; _builder_version=&#8221;4.16&#8243; global_colors_info=&#8221;{}&#8221;][et_pb_blurb title=&#8221;Sala Parque&#8221; url=&#8221;https:\/\/www.asamuel.pt\/novo\/wp-content\/uploads\/2025\/10\/Projeto-sala-Parque-25-26.pdf&#8221; url_new_window=&#8221;on&#8221; image=&#8221;https:\/\/www.asamuel.pt\/novo\/wp-content\/uploads\/2025\/10\/Projeto-sala-Parque-25-26-1-pdf.jpg&#8221; _builder_version=&#8221;4.27.4&#8243; link_option_url=&#8221;https:\/\/www.asamuel.pt\/novo\/wp-content\/uploads\/2025\/10\/Projeto-sala-Parque-25-26.pdf&#8221; global_colors_info=&#8221;{}&#8221;][\/et_pb_blurb][\/et_pb_column][et_pb_column type=&#8221;1_3&#8243; _builder_version=&#8221;4.16&#8243; global_colors_info=&#8221;{}&#8221;][et_pb_blurb title=&#8221;Sala 12-24 meses&#8221; url=&#8221;https:\/\/www.asamuel.pt\/novo\/wp-content\/uploads\/2025\/10\/Projeto-Sala-12-24-Meses-25-26-2.pdf&#8221; url_new_window=&#8221;on&#8221; image=&#8221;https:\/\/www.asamuel.pt\/novo\/wp-content\/uploads\/2025\/10\/Projeto-Sala-12-24-Meses-25-26-2-pdf.jpg&#8221; _builder_version=&#8221;4.27.4&#8243; link_option_url=&#8221;https:\/\/www.asamuel.pt\/novo\/wp-content\/uploads\/2025\/10\/Projeto-Sala-12-24-Meses-25-26-2.pdf&#8221; global_colors_info=&#8221;{}&#8221;][\/et_pb_blurb][\/et_pb_column][et_pb_column type=&#8221;1_3&#8243; _builder_version=&#8221;4.16&#8243; global_colors_info=&#8221;{}&#8221;][et_pb_blurb title=&#8221;Sala 24-36 meses&#8221; url=&#8221;https:\/\/www.asamuel.pt\/novo\/wp-content\/uploads\/2025\/10\/Projeto-sala-24-36-meses-25-26-2.pdf&#8221; url_new_window=&#8221;on&#8221; image=&#8221;https:\/\/www.asamuel.pt\/novo\/wp-content\/uploads\/2025\/10\/Projeto-sala-24-36-meses-25-26-2-pdf.jpg&#8221; _builder_version=&#8221;4.27.4&#8243; link_option_url=&#8221;https:\/\/www.asamuel.pt\/novo\/wp-content\/uploads\/2025\/10\/Projeto-sala-24-36-meses-25-26-2.pdf&#8221; hover_enabled=&#8221;0&#8243; global_colors_info=&#8221;{}&#8221; sticky_enabled=&#8221;0&#8243;][\/et_pb_blurb][\/et_pb_column][\/et_pb_row][\/et_pb_section]<\/p>\n","protected":false},"excerpt":{"rendered":"<p>Creche A Creche \u00e9 destinada a acolher crian\u00e7as de idades compreendidas entre os 3 e os 36 meses, durante o per\u00edodo di\u00e1rio correspondente ao trabalho dos pais, cabendo ao Educador e aos prestadores de cuidados, em estreita articula\u00e7\u00e3o com a fam\u00edlia, um papel fundamental: o de apoiar o desenvolvimento de compet\u00eancias b\u00e1sicas e o ritmo [&hellip;]<\/p>\n","protected":false},"author":2,"featured_media":0,"parent":0,"menu_order":0,"comment_status":"closed","ping_status":"closed","template":"","meta":{"_et_pb_use_builder":"on","_et_pb_old_content":"","_et_gb_content_width":"","footnotes":""},"class_list":["post-262","page","type-page","status-publish","hentry"],"_links":{"self":[{"href":"https:\/\/www.asamuel.pt\/novo\/wp-json\/wp\/v2\/pages\/262","targetHints":{"allow":["GET"]}}],"collection":[{"href":"https:\/\/www.asamuel.pt\/novo\/wp-json\/wp\/v2\/pages"}],"about":[{"href":"https:\/\/www.asamuel.pt\/novo\/wp-json\/wp\/v2\/types\/page"}],"author":[{"embeddable":true,"href":"https:\/\/www.asamuel.pt\/novo\/wp-json\/wp\/v2\/users\/2"}],"replies":[{"embeddable":true,"href":"https:\/\/www.asamuel.pt\/novo\/wp-json\/wp\/v2\/comments?post=262"}],"version-history":[{"count":229,"href":"https:\/\/www.asamuel.pt\/novo\/wp-json\/wp\/v2\/pages\/262\/revisions"}],"predecessor-version":[{"id":2539,"href":"https:\/\/www.asamuel.pt\/novo\/wp-json\/wp\/v2\/pages\/262\/revisions\/2539"}],"wp:attachment":[{"href":"https:\/\/www.asamuel.pt\/novo\/wp-json\/wp\/v2\/media?parent=262"}],"curies":[{"name":"wp","href":"https:\/\/api.w.org\/{rel}","templated":true}]}}