{"id":2409,"date":"2024-05-16T15:07:22","date_gmt":"2024-05-16T15:07:22","guid":{"rendered":"https:\/\/www.asamuel.pt\/novo\/?page_id=2409"},"modified":"2024-05-24T10:32:09","modified_gmt":"2024-05-24T10:32:09","slug":"canal-de-denuncias","status":"publish","type":"page","link":"https:\/\/www.asamuel.pt\/novo\/canal-de-denuncias\/","title":{"rendered":"Canal de Den\u00fancias"},"content":{"rendered":"<p>[et_pb_section fb_built=&#8221;1&#8243; _builder_version=&#8221;4.25.1&#8243; _module_preset=&#8221;default&#8221; global_colors_info=&#8221;{}&#8221;][et_pb_row _builder_version=&#8221;4.25.1&#8243; _module_preset=&#8221;default&#8221; global_colors_info=&#8221;{}&#8221;][et_pb_column type=&#8221;4_4&#8243; _builder_version=&#8221;4.25.1&#8243; _module_preset=&#8221;default&#8221; global_colors_info=&#8221;{}&#8221;][et_pb_text _builder_version=&#8221;4.25.1&#8243; _module_preset=&#8221;default&#8221; global_colors_info=&#8221;{}&#8221;]<\/p>\n<h1>CANAL DE DEN\u00daNCIAS<\/h1>\n<p style=\"text-align: justify;\">Para cumprimento da Lei n\u00ba 93\/2021 de 20 de dezembro, a Associa\u00e7\u00e3o Cultural Recreativa e Social de Samuel passa a disponibilizar um Canal de Den\u00fancia.<br \/>O Canal de Den\u00fancias serve para comunicar irregularidades, as comunica\u00e7\u00f5es s\u00e3o confidenciais e o autor n\u00e3o \u00e9 obrigado a revelar a sua identidade. As irregularidades, para melhor investiga\u00e7\u00e3o, dever\u00e3o ser detalhadas. Os dados pessoais e informa\u00e7\u00f5es podem ser divulgados a autoridades policiais ou regulat\u00f3rias.<\/p>\n<p style=\"text-align: justify;\"><a href=\"https:\/\/www.asamuel.pt\/novo\/wp-content\/uploads\/2024\/05\/Regulamento-do-Canal-de-Denuncias.pdf\">Regulamento do Canal de Den\u00fancias<\/a><\/p>\n<p>[\/et_pb_text][et_pb_contact_form email=&#8221;geral@asamuel.pt&#8221; title=&#8221;Den\u00fancia&#8221; custom_message=&#8221;N\u00edvel de confidencialidade: %%N\u00edvel_de_confidencialidade%%||et_pb_line_break_holder||Nome: %%Nome%%||et_pb_line_break_holder||Localiza\u00e7\u00e3o: %%Localiza\u00e7\u00e3o%%||et_pb_line_break_holder||Email: %%Email%%||et_pb_line_break_holder||Tipo de Den\u00fancia: %%Tipo_de_Den\u00fancia%%||et_pb_line_break_holder||Mensagem: %%Mensagem%%||et_pb_line_break_holder||Dados pessoais: %%Dados_pessoais%%&#8221; success_message=&#8221;Den\u00fancia Enviada&#8221; submit_button_text=&#8221;Enviar&#8221; _builder_version=&#8221;4.25.1&#8243; _module_preset=&#8221;default&#8221; _unique_id=&#8221;bbd639ff-e2c1-4b09-8584-f2682f517acd&#8221; title_font=&#8221;|700|||||||&#8221; hover_enabled=&#8221;0&#8243; global_colors_info=&#8221;{}&#8221; sticky_enabled=&#8221;0&#8243;][et_pb_contact_field field_id=&#8221;N\u00edvel_de_confidencialidade&#8221; field_title=&#8221;N\u00edvel de confidencialidade&#8221; field_type=&#8221;radio&#8221; radio_options=&#8221;%91{%22value%22:%22Confidencial%22,%22checked%22:0,%22dragID%22:-1},{%22value%22:%22An\u00f3nimo%22,%22checked%22:0,%22dragID%22:0}%93&#8243; _builder_version=&#8221;4.25.1&#8243; _module_preset=&#8221;default&#8221; global_colors_info=&#8221;{}&#8221; field_title__hover_enabled=&#8221;off|desktop&#8221;][\/et_pb_contact_field][et_pb_contact_field field_id=&#8221;Nome&#8221; field_title=&#8221;Nome&#8221; fullwidth_field=&#8221;on&#8221; conditional_logic=&#8221;on&#8221; conditional_logic_rules=&#8221;%91{%22field%22:%22n\u00edvel_de_confidencialidade%22,%22condition%22:%22is%22,%22value%22:%22Confidencial%22}%93&#8243; _builder_version=&#8221;4.25.1&#8243; global_colors_info=&#8221;{}&#8221; button_text_size__hover_enabled=&#8221;off&#8221; button_one_text_size__hover_enabled=&#8221;off&#8221; button_two_text_size__hover_enabled=&#8221;off&#8221; button_text_color__hover_enabled=&#8221;off&#8221; button_one_text_color__hover_enabled=&#8221;off&#8221; button_two_text_color__hover_enabled=&#8221;off&#8221; button_border_width__hover_enabled=&#8221;off&#8221; button_one_border_width__hover_enabled=&#8221;off&#8221; button_two_border_width__hover_enabled=&#8221;off&#8221; button_border_color__hover_enabled=&#8221;off&#8221; button_one_border_color__hover_enabled=&#8221;off&#8221; button_two_border_color__hover_enabled=&#8221;off&#8221; button_border_radius__hover_enabled=&#8221;off&#8221; button_one_border_radius__hover_enabled=&#8221;off&#8221; button_two_border_radius__hover_enabled=&#8221;off&#8221; button_letter_spacing__hover_enabled=&#8221;off&#8221; button_one_letter_spacing__hover_enabled=&#8221;off&#8221; button_two_letter_spacing__hover_enabled=&#8221;off&#8221; button_bg_color__hover_enabled=&#8221;off&#8221; button_one_bg_color__hover_enabled=&#8221;off&#8221; button_two_bg_color__hover_enabled=&#8221;off&#8221;][\/et_pb_contact_field][et_pb_contact_field field_id=&#8221;Localiza\u00e7\u00e3o&#8221; field_title=&#8221;Localiza\u00e7\u00e3o&#8221; field_type=&#8221;select&#8221; select_options=&#8221;%91{%22value%22:%22Portugal%22,%22checked%22:0,%22dragID%22:-1},{%22value%22:%22Outro%22,%22checked%22:0,%22dragID%22:0}%93&#8243; _builder_version=&#8221;4.25.1&#8243; global_colors_info=&#8221;{}&#8221; button_text_size__hover_enabled=&#8221;off&#8221; button_one_text_size__hover_enabled=&#8221;off&#8221; button_two_text_size__hover_enabled=&#8221;off&#8221; button_text_color__hover_enabled=&#8221;off&#8221; button_one_text_color__hover_enabled=&#8221;off&#8221; button_two_text_color__hover_enabled=&#8221;off&#8221; button_border_width__hover_enabled=&#8221;off&#8221; button_one_border_width__hover_enabled=&#8221;off&#8221; button_two_border_width__hover_enabled=&#8221;off&#8221; button_border_color__hover_enabled=&#8221;off&#8221; button_one_border_color__hover_enabled=&#8221;off&#8221; button_two_border_color__hover_enabled=&#8221;off&#8221; button_border_radius__hover_enabled=&#8221;off&#8221; button_one_border_radius__hover_enabled=&#8221;off&#8221; button_two_border_radius__hover_enabled=&#8221;off&#8221; button_letter_spacing__hover_enabled=&#8221;off&#8221; button_one_letter_spacing__hover_enabled=&#8221;off&#8221; button_two_letter_spacing__hover_enabled=&#8221;off&#8221; button_bg_color__hover_enabled=&#8221;off&#8221; button_one_bg_color__hover_enabled=&#8221;off&#8221; button_two_bg_color__hover_enabled=&#8221;off&#8221;][\/et_pb_contact_field][et_pb_contact_field field_id=&#8221;Email&#8221; field_title=&#8221;Email&#8221; field_type=&#8221;email&#8221; _builder_version=&#8221;4.25.1&#8243; global_colors_info=&#8221;{}&#8221; button_text_size__hover_enabled=&#8221;off&#8221; button_one_text_size__hover_enabled=&#8221;off&#8221; button_two_text_size__hover_enabled=&#8221;off&#8221; button_text_color__hover_enabled=&#8221;off&#8221; button_one_text_color__hover_enabled=&#8221;off&#8221; button_two_text_color__hover_enabled=&#8221;off&#8221; button_border_width__hover_enabled=&#8221;off&#8221; button_one_border_width__hover_enabled=&#8221;off&#8221; button_two_border_width__hover_enabled=&#8221;off&#8221; button_border_color__hover_enabled=&#8221;off&#8221; button_one_border_color__hover_enabled=&#8221;off&#8221; button_two_border_color__hover_enabled=&#8221;off&#8221; button_border_radius__hover_enabled=&#8221;off&#8221; button_one_border_radius__hover_enabled=&#8221;off&#8221; button_two_border_radius__hover_enabled=&#8221;off&#8221; button_letter_spacing__hover_enabled=&#8221;off&#8221; button_one_letter_spacing__hover_enabled=&#8221;off&#8221; button_two_letter_spacing__hover_enabled=&#8221;off&#8221; button_bg_color__hover_enabled=&#8221;off&#8221; button_one_bg_color__hover_enabled=&#8221;off&#8221; button_two_bg_color__hover_enabled=&#8221;off&#8221;][\/et_pb_contact_field][et_pb_contact_field field_id=&#8221;Tipo_de_Den\u00fancia&#8221; field_title=&#8221;Tipo de Den\u00fancia&#8221; field_type=&#8221;checkbox&#8221; checkbox_options=&#8221;%91{%22value%22:%22Conduta ou \u00e9tica, pol\u00edticas ou procedimentos%22,%22checked%22:0,%22dragID%22:-1},{%22value%22:%22Roubo ou fraude%22,%22checked%22:0,%22dragID%22:0},{%22value%22:%22Compras e contrata\u00e7\u00e3o p\u00fablica%22,%22checked%22:0,%22dragID%22:1},{%22value%22:%22Seguran\u00e7a, conformidade produtos e transportes%22,%22checked%22:0,%22dragID%22:2},{%22value%22:%22Sa\u00fade, seguran\u00e7a e prote\u00e7\u00e3o do ambiente%22,%22checked%22:0,%22dragID%22:3},{%22value%22:%22Seguran\u00e7a alimentar, sa\u00fade e bem-estar%22,%22checked%22:0,%22dragID%22:4},{%22value%22:%22Sa\u00fade p\u00fablica%22,%22checked%22:0,%22dragID%22:5},{%22value%22:%22Defesa do consumidor%22,%22checked%22:0,%22dragID%22:6},{%22value%22:%22Corrup\u00e7\u00e3o, infra\u00e7\u00f5es conexas, BC\/FT e san\u00e7\u00f5es%22,%22checked%22:0,%22dragID%22:7},{%22value%22:%22Crime organizado ou econ\u00f3mico-financeiro%22,%22checked%22:0,%22dragID%22:8},{%22value%22:%22 Servi\u00e7os, produtos e mercados financeiros e preven\u00e7\u00e3o do branqueamento de capitais e do financiamento do terrorismo%22,%22checked%22:0,%22dragID%22:9},{%22value%22:%22Bullying, Ass\u00e9dio ou Discrimina\u00e7\u00e3o%22,%22checked%22:0,%22dragID%22:10},{%22value%22:%22Conflitos interesse, transa\u00e7\u00f5es com PR%22,%22checked%22:0,%22dragID%22:11},{%22value%22:%22Outras irregularidades graves%22,%22checked%22:0,%22dragID%22:12}%93&#8243; fullwidth_field=&#8221;on&#8221; _builder_version=&#8221;4.25.1&#8243; global_colors_info=&#8221;{}&#8221; button_text_size__hover_enabled=&#8221;off&#8221; button_one_text_size__hover_enabled=&#8221;off&#8221; button_two_text_size__hover_enabled=&#8221;off&#8221; button_text_color__hover_enabled=&#8221;off&#8221; button_one_text_color__hover_enabled=&#8221;off&#8221; button_two_text_color__hover_enabled=&#8221;off&#8221; button_border_width__hover_enabled=&#8221;off&#8221; button_one_border_width__hover_enabled=&#8221;off&#8221; button_two_border_width__hover_enabled=&#8221;off&#8221; button_border_color__hover_enabled=&#8221;off&#8221; button_one_border_color__hover_enabled=&#8221;off&#8221; button_two_border_color__hover_enabled=&#8221;off&#8221; button_border_radius__hover_enabled=&#8221;off&#8221; button_one_border_radius__hover_enabled=&#8221;off&#8221; button_two_border_radius__hover_enabled=&#8221;off&#8221; button_letter_spacing__hover_enabled=&#8221;off&#8221; button_one_letter_spacing__hover_enabled=&#8221;off&#8221; button_two_letter_spacing__hover_enabled=&#8221;off&#8221; button_bg_color__hover_enabled=&#8221;off&#8221; button_one_bg_color__hover_enabled=&#8221;off&#8221; button_two_bg_color__hover_enabled=&#8221;off&#8221;][\/et_pb_contact_field][et_pb_contact_field field_id=&#8221;Mensagem&#8221; field_title=&#8221;Mensagem&#8221; field_type=&#8221;text&#8221; required_mark=&#8221;off&#8221; fullwidth_field=&#8221;on&#8221; _builder_version=&#8221;4.25.1&#8243; global_colors_info=&#8221;{}&#8221; button_text_size__hover_enabled=&#8221;off&#8221; button_one_text_size__hover_enabled=&#8221;off&#8221; button_two_text_size__hover_enabled=&#8221;off&#8221; button_text_color__hover_enabled=&#8221;off&#8221; button_one_text_color__hover_enabled=&#8221;off&#8221; button_two_text_color__hover_enabled=&#8221;off&#8221; button_border_width__hover_enabled=&#8221;off&#8221; button_one_border_width__hover_enabled=&#8221;off&#8221; button_two_border_width__hover_enabled=&#8221;off&#8221; button_border_color__hover_enabled=&#8221;off&#8221; button_one_border_color__hover_enabled=&#8221;off&#8221; button_two_border_color__hover_enabled=&#8221;off&#8221; button_border_radius__hover_enabled=&#8221;off&#8221; button_one_border_radius__hover_enabled=&#8221;off&#8221; button_two_border_radius__hover_enabled=&#8221;off&#8221; button_letter_spacing__hover_enabled=&#8221;off&#8221; button_one_letter_spacing__hover_enabled=&#8221;off&#8221; button_two_letter_spacing__hover_enabled=&#8221;off&#8221; button_bg_color__hover_enabled=&#8221;off&#8221; button_one_bg_color__hover_enabled=&#8221;off&#8221; button_two_bg_color__hover_enabled=&#8221;off&#8221;][\/et_pb_contact_field][et_pb_contact_field field_id=&#8221;Dados_pessoais&#8221; field_title=&#8221;Dados pessoais&#8221; field_type=&#8221;checkbox&#8221; checkbox_options=&#8221;%91{%22value%22:%22Reconhe\u00e7o que os dados pessoais e informa\u00e7\u00f5es fornecidas ao Canal de Den\u00fancias podem ser divulgados \u00e0s autoridades policiais ou reguladoras competentes, conforme necess\u00e1rio para cumprir as leis, regras e regulamentos aplic\u00e1veis. Autorizo que a Associa\u00e7\u00e3o Cultural Recreativa e Social de Samuel utilize os eventuais dados pessoais aqui fornecidos no \u00e2mbito das atividades para rece\u00e7\u00e3o, investiga\u00e7\u00e3o e tratamento da comunica\u00e7\u00e3o realizada.%22,%22checked%22:0,%22dragID%22:-1}%93&#8243; fullwidth_field=&#8221;on&#8221; _builder_version=&#8221;4.25.1&#8243; _module_preset=&#8221;default&#8221; global_colors_info=&#8221;{}&#8221;][\/et_pb_contact_field][\/et_pb_contact_form][\/et_pb_column][\/et_pb_row][\/et_pb_section]<\/p>\n","protected":false},"excerpt":{"rendered":"<p>CANAL DE DEN\u00daNCIAS Para cumprimento da Lei n\u00ba 93\/2021 de 20 de dezembro, a Associa\u00e7\u00e3o Cultural Recreativa e Social de Samuel passa a disponibilizar um Canal de Den\u00fancia.O Canal de Den\u00fancias serve para comunicar irregularidades, as comunica\u00e7\u00f5es s\u00e3o confidenciais e o autor n\u00e3o \u00e9 obrigado a revelar a sua identidade. As irregularidades, para melhor investiga\u00e7\u00e3o, [&hellip;]<\/p>\n","protected":false},"author":2,"featured_media":0,"parent":0,"menu_order":0,"comment_status":"closed","ping_status":"closed","template":"","meta":{"_et_pb_use_builder":"on","_et_pb_old_content":"<!-- wp:divi\/placeholder \/-->","_et_gb_content_width":"","footnotes":""},"class_list":["post-2409","page","type-page","status-publish","hentry"],"_links":{"self":[{"href":"https:\/\/www.asamuel.pt\/novo\/wp-json\/wp\/v2\/pages\/2409","targetHints":{"allow":["GET"]}}],"collection":[{"href":"https:\/\/www.asamuel.pt\/novo\/wp-json\/wp\/v2\/pages"}],"about":[{"href":"https:\/\/www.asamuel.pt\/novo\/wp-json\/wp\/v2\/types\/page"}],"author":[{"embeddable":true,"href":"https:\/\/www.asamuel.pt\/novo\/wp-json\/wp\/v2\/users\/2"}],"replies":[{"embeddable":true,"href":"https:\/\/www.asamuel.pt\/novo\/wp-json\/wp\/v2\/comments?post=2409"}],"version-history":[{"count":21,"href":"https:\/\/www.asamuel.pt\/novo\/wp-json\/wp\/v2\/pages\/2409\/revisions"}],"predecessor-version":[{"id":2442,"href":"https:\/\/www.asamuel.pt\/novo\/wp-json\/wp\/v2\/pages\/2409\/revisions\/2442"}],"wp:attachment":[{"href":"https:\/\/www.asamuel.pt\/novo\/wp-json\/wp\/v2\/media?parent=2409"}],"curies":[{"name":"wp","href":"https:\/\/api.w.org\/{rel}","templated":true}]}}