{"id":167,"date":"2018-06-14T13:20:37","date_gmt":"2018-06-14T13:20:37","guid":{"rendered":"http:\/\/www.asamuel.pt\/novo\/?page_id=167"},"modified":"2023-05-23T17:00:21","modified_gmt":"2023-05-23T17:00:21","slug":"cultura-recreio-e-desporto","status":"publish","type":"page","link":"https:\/\/www.asamuel.pt\/novo\/cultura-recreio-e-desporto\/","title":{"rendered":"Cultura, Recreio e Desporto"},"content":{"rendered":"<p>[et_pb_section bb_built=&#8221;1&#8243; fullwidth=&#8221;on&#8221; specialty=&#8221;off&#8221; prev_background_color=&#8221;#000000&#8243;][et_pb_fullwidth_slider _builder_version=&#8221;3.6&#8243; box_shadow_blur=&#8221;10px&#8221; box_shadow_color=&#8221;rgba(0,0,0,0.1)&#8221; auto=&#8221;on&#8221; auto_speed=&#8221;4000&#8243;][et_pb_slide _builder_version=&#8221;3.6&#8243; button_link=&#8221;#&#8221; background_color=&#8221;rgba(255,255,255,0)&#8221; use_background_color_gradient=&#8221;off&#8221; background_color_gradient_start=&#8221;#2b87da&#8221; background_color_gradient_end=&#8221;#29c4a9&#8243; background_color_gradient_type=&#8221;linear&#8221; background_color_gradient_direction=&#8221;180deg&#8221; background_color_gradient_direction_radial=&#8221;center&#8221; background_color_gradient_start_position=&#8221;0%&#8221; background_color_gradient_end_position=&#8221;100%&#8221; background_color_gradient_overlays_image=&#8221;off&#8221; background_image=&#8221;https:\/\/www.asamuel.pt\/novo\/wp-content\/uploads\/2018\/06\/slide_1.jpg&#8221; parallax=&#8221;off&#8221; parallax_method=&#8221;on&#8221; background_size=&#8221;cover&#8221; background_position=&#8221;center&#8221; background_repeat=&#8221;no-repeat&#8221; background_blend=&#8221;normal&#8221; allow_player_pause=&#8221;off&#8221; background_video_pause_outside_viewport=&#8221;on&#8221; use_bg_overlay=&#8221;off&#8221; use_text_overlay=&#8221;off&#8221; text_border_radius=&#8221;3&#8243; alignment=&#8221;center&#8221; child_filter_hue_rotate=&#8221;0deg&#8221; child_filter_saturate=&#8221;100%&#8221; child_filter_brightness=&#8221;100%&#8221; child_filter_contrast=&#8221;100%&#8221; child_filter_invert=&#8221;0%&#8221; child_filter_sepia=&#8221;0%&#8221; child_filter_opacity=&#8221;100%&#8221; child_filter_blur=&#8221;0px&#8221; child_mix_blend_mode=&#8221;normal&#8221; background_layout=&#8221;dark&#8221; text_shadow_style=&#8221;none&#8221; header_text_shadow_style=&#8221;none&#8221; body_text_shadow_style=&#8221;none&#8221; custom_button=&#8221;off&#8221; button_bg_use_color_gradient=&#8221;off&#8221; button_bg_color_gradient_overlays_image=&#8221;off&#8221; button_use_icon=&#8221;on&#8221; button_on_hover=&#8221;on&#8221; button_text_shadow_style=&#8221;none&#8221; box_shadow_style_button=&#8221;none&#8221; text_shadow_horizontal_length=&#8221;0em&#8221; text_shadow_vertical_length=&#8221;0em&#8221; text_shadow_blur_strength=&#8221;0em&#8221; header_text_shadow_horizontal_length=&#8221;0em&#8221; header_text_shadow_vertical_length=&#8221;0em&#8221; header_text_shadow_blur_strength=&#8221;0em&#8221; body_text_shadow_horizontal_length=&#8221;0em&#8221; body_text_shadow_vertical_length=&#8221;0em&#8221; body_text_shadow_blur_strength=&#8221;0em&#8221; button_text_shadow_horizontal_length=&#8221;0em&#8221; button_text_shadow_vertical_length=&#8221;0em&#8221; button_text_shadow_blur_strength=&#8221;0em&#8221; \/][\/et_pb_fullwidth_slider][\/et_pb_section][et_pb_section bb_built=&#8221;1&#8243; next_background_color=&#8221;#000000&#8243;][et_pb_row][et_pb_column type=&#8221;1_4&#8243;][et_pb_image _builder_version=&#8221;3.6&#8243; src=&#8221;https:\/\/www.asamuel.pt\/novo\/wp-content\/uploads\/2018\/06\/2a6fc3_96b4dba193734424a7a2176dc984698d.jpg&#8221; border_radii=&#8221;on|20px|20px|20px|20px&#8221; url=&#8221;https:\/\/www.asamuel.pt\/novo\/index.php\/grupo-etnografico-de-samuel-ges\/&#8221; \/][\/et_pb_column][et_pb_column type=&#8221;1_4&#8243;][et_pb_text _builder_version=&#8221;3.6&#8243;]<\/p>\n<p><a href=\"https:\/\/www.asamuel.pt\/novo\/index.php\/grupo-etnografico-de-samuel-ges\/\"><\/p>\n<h1>Grupo Etnogr\u00e1fico de Samuel (GES)<\/h1>\n<p><\/a><br \/>\n\u200b<br \/>\nO GES foi fundado em 02 de Junho de 1984 e teve o aval do conselho t\u00e9cnico da Federa\u00e7\u00e3o de Folclore Portugu\u00eas em<br \/>\n10 de Maio de 1990, passando assim a fazer parte da fam\u00edlia do folclore\u00a0em 03 de Junho de 1990.<\/p>\n<p>Dedica-se ao estudo etnogr\u00e1fico da regi\u00e3o, tendo como objectivo representar os usos, costumes, dan\u00e7as,<br \/>\ncantares e tradi\u00e7\u00f5es da nossa freguesia, de h\u00e1 mais de cem anos atr\u00e1s.<\/p>\n<p>[\/et_pb_text][et_pb_divider _builder_version=&#8221;3.6&#8243; divider_weight=&#8221;3&#8243; \/][\/et_pb_column][et_pb_column type=&#8221;1_4&#8243;][et_pb_image _builder_version=&#8221;3.6&#8243; src=&#8221;https:\/\/www.asamuel.pt\/novo\/wp-content\/uploads\/2018\/06\/escola-musica.gif&#8221; border_radii=&#8221;on|20px|20px|20px|20px&#8221; \/][\/et_pb_column][et_pb_column type=&#8221;1_4&#8243;][et_pb_text _builder_version=&#8221;3.6&#8243;]<\/p>\n<h1>Escola de m\u00fasica<\/h1>\n<p>\u200bIniciou as suas actividades em 1987 e \u00e9 frequentada por crian\u00e7as, jovens e adultos da comunidade<\/p>\n<p>[\/et_pb_text][et_pb_divider _builder_version=&#8221;3.6&#8243; divider_weight=&#8221;3&#8243; \/][\/et_pb_column][\/et_pb_row][et_pb_row][et_pb_column type=&#8221;1_4&#8243;][et_pb_image _builder_version=&#8221;3.6&#8243; src=&#8221;https:\/\/www.asamuel.pt\/novo\/wp-content\/uploads\/2018\/06\/2a6fc3_bcfc29f5ce10486da9734dc29ee23679.jpg&#8221; border_radii=&#8221;on|20px|20px|20px|20px&#8221; \/][\/et_pb_column][et_pb_column type=&#8221;1_4&#8243;][et_pb_text _builder_version=&#8221;3.6&#8243;]<\/p>\n<h1>HIP-HOP<\/h1>\n<p>\u200b\u200bAs aulas de Hip- hop s\u00e3o uma resposta no \u00e2mbito do Desporto e da Atividade F\u00edsica, desenvolvendo-se nos equipamentos da Associa\u00e7\u00e3o de Samuel, para crian\u00e7as dos 6 aos 13 anos. Carateriza-se por ser uma aula coreografada que ajuda a desenvolver a coordena\u00e7\u00e3o motora, a desinibi\u00e7\u00e3o corporal e a afirma\u00e7\u00e3o pessoal.<\/p>\n<p>[\/et_pb_text][et_pb_divider _builder_version=&#8221;3.6&#8243; divider_weight=&#8221;3&#8243; \/][\/et_pb_column][et_pb_column type=&#8221;1_4&#8243;][et_pb_image _builder_version=&#8221;3.6&#8243; src=&#8221;https:\/\/www.asamuel.pt\/novo\/wp-content\/uploads\/2018\/06\/2a6fc3_8814b3a9b8c94d189a7da8c7b19679be.jpg&#8221; border_radii=&#8221;on|20px|20px|20px|20px&#8221; \/][\/et_pb_column][et_pb_column type=&#8221;1_4&#8243;][et_pb_text _builder_version=&#8221;3.6&#8243;]<\/p>\n<h1>Grupo de mulheres agricultoras e do mundo rural<\/h1>\n<p>Este grupo \u00e9 composto por mulheres agricultoras e do mundo rural da freguesia de Samuel. O grupo reune-se com regularidade para participar nas atividades da Institui\u00e7\u00e3o e trocar experi\u00eancias. Participam anualmente na organiza\u00e7\u00e3o do Mercado Solid\u00e1rio.<\/p>\n<p>[\/et_pb_text][et_pb_divider _builder_version=&#8221;3.6&#8243; divider_weight=&#8221;3&#8243; \/][\/et_pb_column][\/et_pb_row][et_pb_row][et_pb_column type=&#8221;1_4&#8243;][et_pb_image _builder_version=&#8221;3.6&#8243; src=&#8221;https:\/\/www.asamuel.pt\/novo\/wp-content\/uploads\/2018\/06\/2a6fc3_534f762025cc4c61beb0c132b4b61e86.jpg&#8221; border_radii=&#8221;on|20px|20px|20px|20px&#8221; \/][\/et_pb_column][et_pb_column type=&#8221;1_4&#8243;][et_pb_text _builder_version=&#8221;3.6&#8243;]<\/p>\n<h1>Biblioteca<\/h1>\n<p>\u200bO livro continua a representar um papel important\u00edssimo na educa\u00e7\u00e3o e forma\u00e7\u00e3o de jovens, crian\u00e7as e adultos. A biblioteca da Institui\u00e7\u00e3o disp\u00f5e de um esp\u00f3lio de mais de 1800 livros de diversas \u00e1reas.<\/p>\n<p>Aberta \u00e0 comunidade de 2\u00aa a 6\u00aa feira, das 9:00h \u00e0s 18:00h.<\/p>\n<p>[\/et_pb_text][et_pb_divider _builder_version=&#8221;3.6&#8243; divider_weight=&#8221;3&#8243; \/][\/et_pb_column][et_pb_column type=&#8221;1_4&#8243;][et_pb_image _builder_version=&#8221;3.6&#8243; src=&#8221;https:\/\/www.asamuel.pt\/novo\/wp-content\/uploads\/2018\/06\/mm.png&#8221; border_radii=&#8221;on|20px|20px|20px|20px&#8221; \/][\/et_pb_column][et_pb_column type=&#8221;1_4&#8243;][et_pb_text _builder_version=&#8221;3.6&#8243;]<\/p>\n<h1>Apoios<\/h1>\n<p>\u200bApoia logisticamente o Samuel Futebol Clube e o clube de motard\u2019s local \u201cDiabos de Samuel\u201d.<\/p>\n<p>[\/et_pb_text][\/et_pb_column][\/et_pb_row][\/et_pb_section]<\/p>\n","protected":false},"excerpt":{"rendered":"<p><div class=\"et_pb_row et_pb_row_0 et_pb_row_empty\">\n\t\t\t\t\n\t\t\t\t\n\t\t\t\t\n\t\t\t\t\n\t\t\t\t\n\t\t\t<\/div> Grupo Etnogr\u00e1fico de Samuel (GES) \u200b O GES foi fundado em 02 de Junho de 1984 e teve o aval do conselho t\u00e9cnico da Federa\u00e7\u00e3o de Folclore Portugu\u00eas em 10 de Maio de 1990, passando assim a fazer parte da fam\u00edlia do folclore\u00a0em 03 de Junho de 1990. Dedica-se ao estudo etnogr\u00e1fico da regi\u00e3o, [&hellip;]<\/p>\n","protected":false},"author":2,"featured_media":0,"parent":0,"menu_order":0,"comment_status":"closed","ping_status":"closed","template":"","meta":{"_et_pb_use_builder":"on","_et_pb_old_content":"","_et_gb_content_width":"","footnotes":""},"class_list":["post-167","page","type-page","status-publish","hentry"],"_links":{"self":[{"href":"https:\/\/www.asamuel.pt\/novo\/wp-json\/wp\/v2\/pages\/167","targetHints":{"allow":["GET"]}}],"collection":[{"href":"https:\/\/www.asamuel.pt\/novo\/wp-json\/wp\/v2\/pages"}],"about":[{"href":"https:\/\/www.asamuel.pt\/novo\/wp-json\/wp\/v2\/types\/page"}],"author":[{"embeddable":true,"href":"https:\/\/www.asamuel.pt\/novo\/wp-json\/wp\/v2\/users\/2"}],"replies":[{"embeddable":true,"href":"https:\/\/www.asamuel.pt\/novo\/wp-json\/wp\/v2\/comments?post=167"}],"version-history":[{"count":6,"href":"https:\/\/www.asamuel.pt\/novo\/wp-json\/wp\/v2\/pages\/167\/revisions"}],"predecessor-version":[{"id":342,"href":"https:\/\/www.asamuel.pt\/novo\/wp-json\/wp\/v2\/pages\/167\/revisions\/342"}],"wp:attachment":[{"href":"https:\/\/www.asamuel.pt\/novo\/wp-json\/wp\/v2\/media?parent=167"}],"curies":[{"name":"wp","href":"https:\/\/api.w.org\/{rel}","templated":true}]}}